{"id":504,"date":"2021-10-28T07:45:51","date_gmt":"2021-10-28T07:45:51","guid":{"rendered":"https:\/\/katanga-dfxhza19jc.live-website.com\/special\/"},"modified":"2021-11-29T09:52:15","modified_gmt":"2021-11-29T09:52:15","slug":"special","status":"publish","type":"page","link":"https:\/\/cafeteriakatanga.es\/en\/special\/","title":{"rendered":"Special"},"content":{"rendered":"<section class=\"wpb-content-wrapper\">[vc_row row_type=&#8221;main-section&#8221; wr_section_layout=&#8221;section_grid&#8221; wr_default_pad=&#8221;spacer-double-lg&#8221; wr_row_layout_center=&#8221;justify-content-center&#8221; wr_padding_bottom=&#8221;0px&#8221;][vc_column]<div class=\"sec-title  float-center text-center mb-5 pb-5\" style=\"\"><div class=\"col text-center\"><span class=\"label-title mb-3\" style=\"\">All fresh<\/span><h1 class=\"h2 font-alt\" style=\"\">Our specialties<\/h1><p class=\"w-md-40 mb-0 mx-auto\" style=\"\">We propose some of the house specialties for which our clients return again and again ...<\/p><\/div><\/div>[\/vc_column][\/vc_row][vc_row row_type=&#8221;main-section&#8221; wr_section_layout=&#8221;section_grid&#8221; wr_default_pad=&#8221;spacer-double-lg&#8221; wr_row_layout_center=&#8221;no-gutters text-center shadow-lg&#8221; wr_padding_top=&#8221;0px&#8221;][vc_column][vc_row_inner][vc_column_inner width=&#8221;1\/2&#8243;]<div class=\"sec-menu-special  \" style=\"\"><div class=\"special position-relative w-100 bg-white\"><div class=\"row  no-gutters align-items-center\"><div class=\"col-12 col-md-6 d-flex\"><div class=\"special-inner position-relative w-100\"><h3 class=\"h5 font-weight-700 letter-spacing-small\" style=\"\">100% Entrecote Burger<\/h3><a class=\"font-size-11-5 text-uppercase font-weight-700 letter-spacing-medium scroll\" href=\"#menu\" style=\"\" >see full menu<\/a><\/div><\/div><div class=\"col-12 col-md-6 align-self-md-stretch d-flex\"><figure class=\"special-media\"><img decoding=\"async\" src=\"https:\/\/cafeteriakatanga.es\/wp-content\/uploads\/2019\/08\/3-1.jpg\" alt=\"\" \/><\/figure><\/div><\/div><\/div><\/div>[\/vc_column_inner][vc_column_inner width=&#8221;1\/2&#8243;]<div class=\"sec-menu-special  \" style=\"\"><div class=\"special position-relative w-100 bg-white\"><div class=\"row  no-gutters align-items-center\"><div class=\"col-12 col-md-6 d-flex\"><div class=\"special-inner position-relative w-100\"><h3 class=\"h5 font-weight-700 letter-spacing-small\" style=\"\">Homemade Cheese Cake<\/h3><a class=\"font-size-11-5 text-uppercase font-weight-700 letter-spacing-medium scroll\" href=\"#menu\" style=\"\" >See full menu<\/a><\/div><\/div><div class=\"col-12 col-md-6 align-self-md-stretch d-flex\"><figure class=\"special-media\"><img decoding=\"async\" src=\"https:\/\/cafeteriakatanga.es\/wp-content\/uploads\/2021\/11\/IMG_0646.png\" alt=\"\" \/><\/figure><\/div><\/div><\/div><\/div>[\/vc_column_inner][\/vc_row_inner][vc_row_inner][vc_column_inner width=&#8221;1\/2&#8243;]<div class=\"sec-menu-special  \" style=\"\"><div class=\"special position-relative w-100 bg-white\"><div class=\"row flex-md-row-reverse no-gutters align-items-center\"><div class=\"col-12 col-md-6 d-flex\"><div class=\"special-inner position-relative w-100\"><h3 class=\"h5 font-weight-700 letter-spacing-small\" style=\"\">Chicken Fingers<\/h3><a class=\"font-size-11-5 text-uppercase font-weight-700 letter-spacing-medium scroll\" href=\"#menu\" style=\"\" >See full menu<\/a><\/div><\/div><div class=\"col-12 col-md-6 align-self-md-stretch d-flex\"><figure class=\"special-media\"><img decoding=\"async\" src=\"https:\/\/cafeteriakatanga.es\/wp-content\/uploads\/2021\/11\/istockphoto-1155091108-170667a.jpg\" alt=\"\" \/><\/figure><\/div><\/div><\/div><\/div>[\/vc_column_inner][vc_column_inner width=&#8221;1\/2&#8243;]<div class=\"sec-menu-special  \" style=\"\"><div class=\"special position-relative w-100 bg-white\"><div class=\"row flex-md-row-reverse no-gutters align-items-center\"><div class=\"col-12 col-md-6 d-flex\"><div class=\"special-inner position-relative w-100\"><h3 class=\"h5 font-weight-700 letter-spacing-small\" style=\"\">Special Pinchos<\/h3><a class=\"font-size-11-5 text-uppercase font-weight-700 letter-spacing-medium scroll\" href=\"#menu\" style=\"\" >See full menu<\/a><\/div><\/div><div class=\"col-12 col-md-6 align-self-md-stretch d-flex\"><figure class=\"special-media\"><img decoding=\"async\" src=\"https:\/\/cafeteriakatanga.es\/wp-content\/uploads\/2021\/11\/5c3459eef148e6d90d05ad39cc14ba93.jpg\" alt=\"\" \/><\/figure><\/div><\/div><\/div><\/div>[\/vc_column_inner][\/vc_row_inner][\/vc_column][\/vc_row][vc_row row_type=&#8221;main-section&#8221; wr_section_layout=&#8221;section_grid&#8221; wr_default_pad=&#8221;spacer-lg&#8221; wr_row_layout_center=&#8221;justify-content-center&#8221; wr_background_img=&#8221;386&#8243; wr_background_parallaxx=&#8221;jarallax gradient-overlay gradient-overlay-dark&#8221;][vc_column width=&#8221;1\/4&#8243;][\/vc_column][vc_column width=&#8221;1\/2&#8243;][wr_vc_testimonials][wr_vc_testimonial title=&#8221;Se desayuna de maravilla&#8221; title2=&#8221;&#8220;se desayuna de maravilla,y el trato de las camareras es estupendo,los bocadillos muy buenos al igual que la bolleria&#8220;&#8221; featyretype=&#8221;st5&#8243;][wr_vc_testimonial title=&#8221;Me encanta tomar mi cafecito por la ma\u00f1ana&#8221; title2=&#8221;&#8220;Me encanta tomar mi cafecito por la ma\u00f1ana y la atenci\u00f3n es muy amable y agradable para empezar el d\u00eda, gracias a las camareras tan simp\u00e1ticas y atentas.. &#8220;&#8221; featyretype=&#8221;st5&#8243;][wr_vc_testimonial title=&#8221;Me encanta el trato, lugar y ambiente&#8230;.&#8221; title2=&#8221;&#8220;Me encanta el trato, lugar y ambiente&#8230;.tienen memoria fotografica para lo que deseas pedir&#8230;  Es mi lugar para tomar algo y comer. Encontrarme con amigos y charlar un rato. &#8220;&#8221; featyretype=&#8221;st5&#8243;][\/wr_vc_testimonials][\/vc_column][vc_column width=&#8221;1\/4&#8243;][\/vc_column][\/vc_row]\n<\/section>","protected":false},"excerpt":{"rendered":"<p>[vc_row row_type=&#8221;main-section&#8221; wr_section_layout=&#8221;section_grid&#8221; wr_default_pad=&#8221;spacer-double-lg&#8221; wr_row_layout_center=&#8221;justify-content-center&#8221; wr_padding_bottom=&#8221;0px&#8221;][vc_column][\/vc_column][\/vc_row][vc_row row_type=&#8221;main-section&#8221; wr_section_layout=&#8221;section_grid&#8221; wr_default_pad=&#8221;spacer-double-lg&#8221; wr_row_layout_center=&#8221;no-gutters text-center shadow-lg&#8221; wr_padding_top=&#8221;0px&#8221;][vc_column][vc_row_inner][vc_column_inner width=&#8221;1\/2&#8243;][\/vc_column_inner][vc_column_inner width=&#8221;1\/2&#8243;][\/vc_column_inner][\/vc_row_inner][vc_row_inner][vc_column_inner width=&#8221;1\/2&#8243;][\/vc_column_inner][vc_column_inner width=&#8221;1\/2&#8243;][\/vc_column_inner][\/vc_row_inner][\/vc_column][\/vc_row][vc_row row_type=&#8221;main-section&#8221; wr_section_layout=&#8221;section_grid&#8221; wr_default_pad=&#8221;spacer-lg&#8221; wr_row_layout_center=&#8221;justify-content-center&#8221; wr_background_img=&#8221;386&#8243; wr_background_parallaxx=&#8221;jarallax gradient-overlay gradient-overlay-dark&#8221;][vc_column width=&#8221;1\/4&#8243;][\/vc_column][vc_column width=&#8221;1\/2&#8243;][wr_vc_testimonials][wr_vc_testimonial title=&#8221;Se desayuna de maravilla&#8221; title2=&#8221;&#8220;se desayuna de maravilla,y el trato de las camareras es estupendo,los bocadillos muy buenos al igual que la bolleria&#8220;&#8221; featyretype=&#8221;st5&#8243;][wr_vc_testimonial title=&#8221;Me encanta tomar mi [&hellip;]<\/p>\n","protected":false},"author":1,"featured_media":0,"parent":0,"menu_order":0,"comment_status":"closed","ping_status":"closed","template":"","meta":{"footnotes":"","_links_to":"","_links_to_target":""},"class_list":["post-504","page","type-page","status-publish","hentry"],"_links":{"self":[{"href":"https:\/\/cafeteriakatanga.es\/en\/wp-json\/wp\/v2\/pages\/504","targetHints":{"allow":["GET"]}}],"collection":[{"href":"https:\/\/cafeteriakatanga.es\/en\/wp-json\/wp\/v2\/pages"}],"about":[{"href":"https:\/\/cafeteriakatanga.es\/en\/wp-json\/wp\/v2\/types\/page"}],"author":[{"embeddable":true,"href":"https:\/\/cafeteriakatanga.es\/en\/wp-json\/wp\/v2\/users\/1"}],"replies":[{"embeddable":true,"href":"https:\/\/cafeteriakatanga.es\/en\/wp-json\/wp\/v2\/comments?post=504"}],"version-history":[{"count":9,"href":"https:\/\/cafeteriakatanga.es\/en\/wp-json\/wp\/v2\/pages\/504\/revisions"}],"predecessor-version":[{"id":631,"href":"https:\/\/cafeteriakatanga.es\/en\/wp-json\/wp\/v2\/pages\/504\/revisions\/631"}],"wp:attachment":[{"href":"https:\/\/cafeteriakatanga.es\/en\/wp-json\/wp\/v2\/media?parent=504"}],"curies":[{"name":"wp","href":"https:\/\/api.w.org\/{rel}","templated":true}]}}